{"id":12207,"date":"2019-01-14T12:50:46","date_gmt":"2019-01-14T12:50:46","guid":{"rendered":"https:\/\/www.xtrembabe.com\/xbb\/?page_id=12207"},"modified":"2023-04-01T22:30:41","modified_gmt":"2023-04-01T22:30:41","slug":"12207-2","status":"publish","type":"page","link":"https:\/\/www.xtrembabe.com\/xbb\/12207-2\/","title":{"rendered":"SPOIL ME"},"content":{"rendered":"<div class=\"flex flex-grow flex-col gap-3\">\n<div class=\"min-h-[20px] flex flex-col items-start gap-4 whitespace-pre-wrap\">\n<div class=\"markdown prose w-full break-words dark:prose-invert dark\">\n<p>Hey meine Lieben, ich wei\u00df, dass ihr mich alle so gerne in meinen sexy Outfits seht und ich liebe es, sie f\u00fcr euch zu pr\u00e4sentieren ! Aber wusstet ihr, dass ihr mir auch eine Freude machen k\u00f6nnt, indem ihr mir f\u00fcr neue geile Outfits Gutscheine und anderes schenkt ?<\/p>\n<p>Und jetzt habe ich eine tolle Neuigkeit f\u00fcr alle meine Bitcoin Fans da drau\u00dfen &#8211; ihr k\u00f6nnt mir jetzt auch Bitcoin direkt auf meine Bitcoin-Adresse: bc1qe2u7r7d2lz2nnkucl3f4wa7se0s8acnjl76kew senden oder scannt einfach den QR Code ! &#x1f680;<\/p>\n<p>Also, wenn ihr mir eine s\u00fc\u00dfe \u00dcberraschung machen wollt, dann schaut doch mal auf meiner Bitcoin-Adresse oder meinen anderen Wunschgutscheinen vorbei und lasst mir eine Nachricht da !<\/p>\n<p>Ich w\u00fcrde mich riesig freuen ! Eure Annika &#x1f495;<\/p>\n<\/div>\n<\/div>\n<\/div>\n<p>&nbsp;<\/p>\n<p><img loading=\"lazy\" decoding=\"async\" class=\"alignnone wp-image-14903 size-full\" src=\"https:\/\/www.xtrembabe.com\/xbb\/wp-content\/uploads\/2023\/04\/bitcoins1.jpg\" alt=\"\" width=\"528\" height=\"400\" srcset=\"https:\/\/www.xtrembabe.com\/xbb\/wp-content\/uploads\/2023\/04\/bitcoins1.jpg 528w, https:\/\/www.xtrembabe.com\/xbb\/wp-content\/uploads\/2023\/04\/bitcoins1-300x227.jpg 300w\" sizes=\"auto, (max-width: 528px) 100vw, 528px\" \/><\/p>\n<p>&nbsp;<\/p>\n<p>Du liebst Ladies in sexy Dessous statt in hautengen Fetischoutfits ? Dann ist hier der richtige Platz zum austoben. <a href=\"https:\/\/www.hunkemoller.de\/giftcard\" target=\"_blank\" rel=\"noopener\">Hunkem\u00f6ller<\/a> ist einer meiner Lieblingsshops in Sachen W\u00e4sche &amp; Dessous. Meine neuen Boobs brauchen gaaaanz viele neue sexy BHs und Dessous *g* Wenn du mir eine Freude machen m\u00f6chtest dann w\u00fcrde ich mich \u00fcber eine <a href=\"https:\/\/www.hunkemoller.de\/giftcard\" target=\"_blank\" rel=\"noopener\">Dessous Geschenkkarte<\/a> via Mail ( Mailadresse: annika@annikadeluxe.com ) sehr freuen !<\/p>\n<p><a class=\"wp-caption\" href=\"https:\/\/www.hunkemoller.de\/giftcard\" target=\"_blank\" rel=\"noopener\"><img loading=\"lazy\" decoding=\"async\" class=\"alignnone wp-image-14718 size-full\" src=\"https:\/\/www.xtrembabe.com\/xbb\/wp-content\/uploads\/2022\/12\/hunkemoeoeler.jpg\" alt=\"\" width=\"528\" height=\"329\" srcset=\"https:\/\/www.xtrembabe.com\/xbb\/wp-content\/uploads\/2022\/12\/hunkemoeoeler.jpg 528w, https:\/\/www.xtrembabe.com\/xbb\/wp-content\/uploads\/2022\/12\/hunkemoeoeler-300x187.jpg 300w\" sizes=\"auto, (max-width: 528px) 100vw, 528px\" \/><\/a><\/p>\n<p>&nbsp;<\/p>\n<p>Stehst du auf pralle Bubble Butts in enger Jeans oder Leggings ? Dann solltest du <a href=\"https:\/\/freddywear.de\/gutschein\" target=\"_blank\" rel=\"noopener\">Freddy Wear\u00ae<\/a> kennen. Derzeit meine absolute Lieblingsmarke f\u00fcr meine pralle Arsckiste. Ich w\u00fcrde mich \u00fcber ein Gutschein via Mail ( Mailadresse: annika@annikadeluxe.com ) sehr freuen ! Du kannst mir nat\u00fcrlich auch gerne schon eine geile <a href=\"https:\/\/freddywear.de\/gutschein\" target=\"_blank\" rel=\"noopener\">Freddy Wear\u00ae<\/a> Hose aussuchen. Schreib einfach in deiner Gutschein Nachricht den entsprechenden Artikel mit hinein.<\/p>\n<p><a class=\"wp-caption\" href=\"https:\/\/freddywear.de\/gutschein\" target=\"_blank\" rel=\"noopener\"><img loading=\"lazy\" decoding=\"async\" class=\"alignnone wp-image-14285 size-full\" src=\"https:\/\/www.xtrembabe.com\/xbb\/wp-content\/uploads\/2022\/04\/freddygiftcard.jpg\" alt=\"\" width=\"528\" height=\"302\" srcset=\"https:\/\/www.xtrembabe.com\/xbb\/wp-content\/uploads\/2022\/04\/freddygiftcard.jpg 528w, https:\/\/www.xtrembabe.com\/xbb\/wp-content\/uploads\/2022\/04\/freddygiftcard-300x172.jpg 300w\" sizes=\"auto, (max-width: 528px) 100vw, 528px\" \/><\/a><\/p>\n<p>&nbsp;<\/p>\n<p>Es ist kein Geheimnis das ich ein absoluter High Heels und Stiefel Fan bin. Dabei gilt: Je h\u00f6her deso besser ! Meine Heels Lieblingsmarke ist PLEASER USA Shoes ! Mit einer <a href=\"https:\/\/pleasershoes.com\/products\/gift-card?variant=29441266319408\" target=\"_blank\" rel=\"noopener noreferrer\">Gutscheinkarte<\/a> von Pleaser kannst du mir IMMER eine sehr grosse Freude machen ! Sende mir einen Gutscheinbetrag deiner Wahl per Email an: annika@annikadeluxe.com und hilf mir dabei meine Schuhsammlung zu erweitern !<\/p>\n<p><a class=\"wp-caption\" href=\"https:\/\/pleasershoes.com\/products\/gift-card?variant=29441266319408\" target=\"_blank\" rel=\"noopener noreferrer\"><img loading=\"lazy\" decoding=\"async\" class=\"alignnone wp-image-13159 size-full\" src=\"https:\/\/www.xtrembabe.com\/xbb\/wp-content\/uploads\/2020\/01\/pleadserusa.jpg\" alt=\"\" width=\"528\" height=\"377\" srcset=\"https:\/\/www.xtrembabe.com\/xbb\/wp-content\/uploads\/2020\/01\/pleadserusa.jpg 528w, https:\/\/www.xtrembabe.com\/xbb\/wp-content\/uploads\/2020\/01\/pleadserusa-300x214.jpg 300w\" sizes=\"auto, (max-width: 528px) 100vw, 528px\" \/><\/a><\/p>\n<p>&nbsp;<\/p>\n<p>Eine weitere M\u00f6glichkeit ist der Klassiker Amazon ! Einfach einen Amazon Gutschein mit einem Betrag deiner Wahl an meine Mailadresse: annika@annikadeluxe.com senden.<\/p>\n<p>Wenn du etwas spezielles im Sinn hast, was ich mir davon kaufen soll wie z. b. Nylons, High Heels, Spielzeug oder anderes, schreib einfach in deiner Gutschein Nachricht den entsprechenden Artikel mit hinein.<\/p>\n<p><a class=\"wp-caption\" href=\"www.amazon.de\" target=\"_blank\" rel=\"noopener noreferrer\"><img loading=\"lazy\" decoding=\"async\" class=\"alignnone wp-image-12215 size-full\" src=\"https:\/\/www.xtrembabe.com\/xbb\/wp-content\/uploads\/2019\/01\/amazongutscheinjpg.jpg\" alt=\"\" width=\"528\" height=\"335\" srcset=\"https:\/\/www.xtrembabe.com\/xbb\/wp-content\/uploads\/2019\/01\/amazongutscheinjpg.jpg 528w, https:\/\/www.xtrembabe.com\/xbb\/wp-content\/uploads\/2019\/01\/amazongutscheinjpg-300x190.jpg 300w\" sizes=\"auto, (max-width: 528px) 100vw, 528px\" \/><\/a><\/p>\n<p>&nbsp;<\/p>\n<p>Wer eine Alternative zu Amazon sucht ist beim Erotik Onlineshop <a href=\"https:\/\/www.eis.de\/\" target=\"_blank\" rel=\"noopener noreferrer\">EIS.de<\/a> richtig ! Hier kannst du mir ebenfalls einen Gutschein ( mit Betrag deiner Wahl ) an meine oben genannte Mailadresse senden.<\/p>\n<p>\u00dcbrigens kannst du dort direkt ein wenig st\u00f6bern wenn du etwas spezielles im Sinn hast, was ich mir davon kaufen soll wie z. b. Nylons, High Heels, Spielzeug oder anderes, schreib einfach in deiner Gutschein Nachricht den entsprechenden Artikel mit hinein.<\/p>\n<p><a class=\"wp-caption\" href=\"https:\/\/www.eis.de\/\" target=\"_blank\" rel=\"noopener noreferrer\"><img loading=\"lazy\" decoding=\"async\" class=\"alignnone wp-image-12295 size-full\" src=\"https:\/\/www.xtrembabe.com\/xbb\/wp-content\/uploads\/2019\/02\/eis.jpg\" alt=\"\" width=\"528\" height=\"252\" srcset=\"https:\/\/www.xtrembabe.com\/xbb\/wp-content\/uploads\/2019\/02\/eis.jpg 528w, https:\/\/www.xtrembabe.com\/xbb\/wp-content\/uploads\/2019\/02\/eis-300x143.jpg 300w\" sizes=\"auto, (max-width: 528px) 100vw, 528px\" \/><\/a><\/p>\n<p>&nbsp;<\/p>\n<p>&nbsp;<\/p>\n<p>&nbsp;<\/p>\n","protected":false},"excerpt":{"rendered":"<p>Hey meine Lieben, ich wei\u00df, dass ihr mich alle so gerne in meinen sexy Outfits seht und ich liebe es, sie f\u00fcr euch zu pr\u00e4sentieren ! Aber wusstet ihr, dass ihr mir auch eine Freude machen k\u00f6nnt, indem ihr mir f\u00fcr neue geile Outfits Gutscheine und anderes schenkt ? Und jetzt habe ich eine tolle [&hellip;]<\/p>\n","protected":false},"author":2,"featured_media":0,"parent":0,"menu_order":43,"comment_status":"closed","ping_status":"closed","template":"","meta":{"footnotes":""},"class_list":["post-12207","page","type-page","status-publish","hentry"],"aioseo_notices":[],"_links":{"self":[{"href":"https:\/\/www.xtrembabe.com\/xbb\/wp-json\/wp\/v2\/pages\/12207","targetHints":{"allow":["GET"]}}],"collection":[{"href":"https:\/\/www.xtrembabe.com\/xbb\/wp-json\/wp\/v2\/pages"}],"about":[{"href":"https:\/\/www.xtrembabe.com\/xbb\/wp-json\/wp\/v2\/types\/page"}],"author":[{"embeddable":true,"href":"https:\/\/www.xtrembabe.com\/xbb\/wp-json\/wp\/v2\/users\/2"}],"replies":[{"embeddable":true,"href":"https:\/\/www.xtrembabe.com\/xbb\/wp-json\/wp\/v2\/comments?post=12207"}],"version-history":[{"count":45,"href":"https:\/\/www.xtrembabe.com\/xbb\/wp-json\/wp\/v2\/pages\/12207\/revisions"}],"predecessor-version":[{"id":14908,"href":"https:\/\/www.xtrembabe.com\/xbb\/wp-json\/wp\/v2\/pages\/12207\/revisions\/14908"}],"wp:attachment":[{"href":"https:\/\/www.xtrembabe.com\/xbb\/wp-json\/wp\/v2\/media?parent=12207"}],"curies":[{"name":"wp","href":"https:\/\/api.w.org\/{rel}","templated":true}]}}