{"id":183,"date":"2009-01-01T07:45:13","date_gmt":"2009-01-01T07:45:13","guid":{"rendered":"http:\/\/www.xtrembabe.com\/xbb\/?page_id=183"},"modified":"2022-08-17T10:58:08","modified_gmt":"2022-08-17T10:58:08","slug":"setcard","status":"publish","type":"page","link":"https:\/\/www.xtrembabe.com\/xbb\/setcard\/","title":{"rendered":"THATS ME"},"content":{"rendered":"<p><img loading=\"lazy\" decoding=\"async\" class=\"size-full wp-image-14595 alignleft\" src=\"https:\/\/www.xtrembabe.com\/xbb\/wp-content\/uploads\/2022\/08\/aminfo02-236x300a.jpg\" alt=\"\" width=\"236\" height=\"300\" \/>Mein Name ist Annika, auch bekannt als XTREM-BABE.\u00a0Ich bin eine exhibitionistische Lady und wie mein Name schon vermuten l\u00e4sst habe ich einen ausgepr\u00e4gten Faible f\u00fcr extremen\u00a0Fetischsex. Es macht mich richtig scharf immer wieder Neues und das \u201cnicht allt\u00e4gliche\u201d auszuprobieren, die vielen BDSM und Fetisch Facetten kennenzulernen und dabei\u00a0meine Grenzen zu testen.<\/p>\n<p style=\"text-align: left;\">Ich liebe es\u00a0mit meinen kurvenreichen Rundungen zu provozieren.\u00a0Ausserdem habe eine Vorliebe f\u00fcr sexy Dessous und Nylons. Ich bin ich\u00a0eine bekennende Lack, Leder,\u00a0Latexliebhaberin und\u00a0stehe total auf High Heels\u00a0und\u00a0hohen\u00a0Stiefeln.<\/p>\n<p style=\"text-align: left;\">Hier ein paar Fakten zu meiner Person: Ich bin 1.63 m gross, wiege je nach Jahreszeit zwischen 52 und 54 kg.<\/p>\n<p style=\"text-align: left;\">Meine Kleidergr\u00f6sse ist 36 ( S ), Schuhgr\u00f6sse 37. Meine BH Gr\u00f6sse ist 75 F.<\/p>\n<p style=\"text-align: left;\">Es t\u00f6rnt mich einfach an mich in engen Fetischoutfits zu h\u00fcllen, die glatte zweite Haut des Latex von Kopf bis Fuss zu sp\u00fcren das weiche Material zu riechen, es\u00a0durch meine Finger gleiten zu\u00a0lassen und dabei richtig geil,\u00a0tabulos, leidenschaftlich\u00a0und hemmungslos\u00a0meine\u00a0Fetischfantasien, vor der Cam, auf Fetischpartys oder ganz privat, auszuleben.\u00a0\u00a0Neben \u2013 diesem \u2013 meinem \u2013 Hobby arbeite ich als Messe &amp; Eventmanagerin.<\/p>\n<p><strong>MORE FACTS ABOUT ME &#8211; MEHR INFOS \u00dcBER MICH<\/strong><\/p>\n<table border=\"0\" cellspacing=\"1\" cellpadding=\"0\" bgcolor=\"#000000\">\n<tbody>\n<tr>\n<td valign=\"top\" bgcolor=\"#000000\" width=\"190\"><span style=\"font-family: Verdana,Arial,helvetica; color: #c0c0c0;\">Sternzeichen<\/span><\/td>\n<td bgcolor=\"#000000\"><span style=\"font-family: Verdana,Arial,helvetica; color: #c0c0c0;\">Widder <\/span><\/td>\n<\/tr>\n<tr>\n<td valign=\"top\" bgcolor=\"#000000\" width=\"190\"><\/td>\n<td bgcolor=\"#000000\"><\/td>\n<\/tr>\n<tr>\n<td valign=\"top\" bgcolor=\"#000000\" width=\"190\"><span style=\"font-family: Verdana,Arial,helvetica; color: #c0c0c0;\">Gr\u00f6\u00dfe<\/span><\/td>\n<td bgcolor=\"#000000\"><span style=\"font-family: Verdana,Arial,helvetica; color: #c0c0c0;\">163 cm<\/span><\/td>\n<\/tr>\n<tr>\n<td valign=\"top\" bgcolor=\"#000000\" width=\"190\"><\/td>\n<td bgcolor=\"#000000\"><\/td>\n<\/tr>\n<tr>\n<td valign=\"top\" bgcolor=\"#000000\" width=\"190\"><span style=\"font-family: Verdana,Arial,helvetica; color: #c0c0c0;\">Gewicht<\/span><\/td>\n<td bgcolor=\"#000000\"><span style=\"font-family: Verdana,Arial,helvetica; color: #c0c0c0;\">54 kg<\/span><\/td>\n<\/tr>\n<tr>\n<td valign=\"top\" bgcolor=\"#000000\" width=\"190\"><\/td>\n<td bgcolor=\"#000000\"><\/td>\n<\/tr>\n<tr>\n<td valign=\"top\" bgcolor=\"#000000\" width=\"190\"><span style=\"font-family: Verdana,Arial,helvetica; color: #c0c0c0;\">Oberweite<\/span><\/td>\n<td bgcolor=\"#000000\"><span style=\"font-family: Verdana,Arial,helvetica; color: #c0c0c0;\">75 F<br \/>\n<\/span><\/td>\n<\/tr>\n<tr>\n<td valign=\"top\" bgcolor=\"#000000\" width=\"190\"><\/td>\n<td bgcolor=\"#000000\"><\/td>\n<\/tr>\n<tr>\n<td valign=\"top\" bgcolor=\"#000000\" width=\"190\"><span style=\"font-family: Verdana,Arial,helvetica; color: #c0c0c0;\">Schuhgr\u00f6\u00dfe<\/span><\/td>\n<td bgcolor=\"#000000\"><span style=\"font-family: Verdana,Arial,helvetica; color: #c0c0c0;\">37<\/span><\/td>\n<\/tr>\n<tr>\n<td valign=\"top\" bgcolor=\"#000000\" width=\"190\"><\/td>\n<td bgcolor=\"#000000\"><\/td>\n<\/tr>\n<tr>\n<td valign=\"top\" bgcolor=\"#000000\" width=\"190\"><span style=\"font-family: Verdana,Arial,helvetica; color: #c0c0c0;\">Kleidergr\u00f6\u00dfe<\/span><\/td>\n<td bgcolor=\"#000000\"><span style=\"font-family: Verdana,Arial,helvetica; color: #c0c0c0;\">36 ( S )<\/span><\/td>\n<\/tr>\n<tr>\n<td valign=\"top\" bgcolor=\"#000000\" width=\"190\"><\/td>\n<td bgcolor=\"#000000\"><\/td>\n<\/tr>\n<tr>\n<td valign=\"top\" bgcolor=\"#000000\" width=\"190\"><span style=\"font-family: Verdana,Arial,helvetica; color: #c0c0c0;\">Haarfarbe \/ -l\u00e4nge<\/span><\/td>\n<td bgcolor=\"#000000\"><span style=\"font-family: Verdana,Arial,helvetica; color: #c0c0c0;\">Blond, lang<\/span><\/td>\n<\/tr>\n<tr>\n<td valign=\"top\" bgcolor=\"#000000\" width=\"190\"><\/td>\n<td bgcolor=\"#000000\"><\/td>\n<\/tr>\n<tr>\n<td valign=\"top\" bgcolor=\"#000000\" width=\"190\"><span style=\"font-family: Verdana,Arial,helvetica; color: #c0c0c0;\">Augenfarbe<\/span><\/td>\n<td bgcolor=\"#000000\"><span style=\"font-family: Verdana,Arial,helvetica; color: #c0c0c0;\">Blau<\/span><\/td>\n<\/tr>\n<tr>\n<td valign=\"top\" bgcolor=\"#000000\" width=\"190\"><\/td>\n<td bgcolor=\"#000000\"><\/td>\n<\/tr>\n<tr>\n<td valign=\"top\" bgcolor=\"#000000\" width=\"190\"><span style=\"font-family: Verdana,Arial,helvetica; color: #c0c0c0;\">Tattoos \/ Piercings<\/span><\/td>\n<td bgcolor=\"#000000\"><span style=\"font-family: Verdana,Arial,helvetica; color: #c0c0c0;\">Ja \/ Ja<\/span><\/td>\n<\/tr>\n<tr>\n<td valign=\"top\" bgcolor=\"#000000\" width=\"190\"><\/td>\n<td bgcolor=\"#000000\"><\/td>\n<\/tr>\n<tr>\n<td valign=\"top\" bgcolor=\"#000000\" width=\"190\"><span style=\"font-family: Verdana,Arial,helvetica; color: #c0c0c0;\">Beruf<\/span><\/td>\n<td bgcolor=\"#000000\"><span style=\"font-family: Verdana,Arial,helvetica; color: #c0c0c0;\">Messe &amp; Eventmanagerin<\/span><\/td>\n<\/tr>\n<tr>\n<td valign=\"top\" bgcolor=\"#000000\" width=\"190\"><\/td>\n<td bgcolor=\"#000000\"><\/td>\n<\/tr>\n<tr>\n<td valign=\"top\" bgcolor=\"#000000\" width=\"190\"><span style=\"font-family: Verdana,Arial,helvetica; color: #c0c0c0;\">Sprachen<\/span><\/td>\n<td bgcolor=\"#000000\"><span style=\"font-family: Verdana,Arial,helvetica; color: #c0c0c0;\">Deutsch, Englisch, Spanisch<br \/>\n<\/span><\/td>\n<\/tr>\n<tr>\n<td valign=\"top\" bgcolor=\"#000000\" width=\"190\"><\/td>\n<td bgcolor=\"#000000\"><\/td>\n<\/tr>\n<tr>\n<td valign=\"top\" bgcolor=\"#000000\" width=\"190\"><span style=\"font-family: Verdana,Arial,helvetica; color: #c0c0c0;\">Hobbies<\/span><\/td>\n<td bgcolor=\"#000000\"><span style=\"font-family: Verdana,Arial,helvetica; color: #c0c0c0;\">Shoppen, Kino, gutes Essen, in den S\u00fcden reisen, Sport, Freunde treffen, Musik, Tanzen gehen, Fetisch Fotografie<\/span><\/td>\n<\/tr>\n<tr>\n<td valign=\"top\" bgcolor=\"#000000\" width=\"190\"><\/td>\n<td bgcolor=\"#000000\"><\/td>\n<\/tr>\n<tr>\n<td valign=\"top\" bgcolor=\"#000000\" width=\"190\"><\/td>\n<td bgcolor=\"#000000\"><\/td>\n<\/tr>\n<tr>\n<td valign=\"top\" bgcolor=\"#000000\" width=\"190\"><\/td>\n<td bgcolor=\"#000000\"><\/td>\n<\/tr>\n<tr>\n<td valign=\"top\" bgcolor=\"#000000\" width=\"190\"><\/td>\n<td bgcolor=\"#000000\"><\/td>\n<\/tr>\n<tr>\n<td valign=\"top\" bgcolor=\"#000000\" width=\"190\"><\/td>\n<td bgcolor=\"#000000\"><\/td>\n<\/tr>\n<tr>\n<td valign=\"top\" bgcolor=\"#000000\" width=\"190\"><\/td>\n<td bgcolor=\"#000000\"><\/td>\n<\/tr>\n<tr>\n<td valign=\"top\" bgcolor=\"#000000\" width=\"190\"><\/td>\n<td bgcolor=\"#000000\"><\/td>\n<\/tr>\n<tr>\n<td valign=\"top\" bgcolor=\"#000000\" width=\"190\"><\/td>\n<td bgcolor=\"#000000\"><\/td>\n<\/tr>\n<tr>\n<td valign=\"top\" bgcolor=\"#000000\" width=\"190\"><\/td>\n<td bgcolor=\"#000000\"><\/td>\n<\/tr>\n<tr>\n<td valign=\"top\" bgcolor=\"#000000\" width=\"190\"><\/td>\n<td bgcolor=\"#000000\"><\/td>\n<\/tr>\n<tr>\n<td valign=\"top\" bgcolor=\"#000000\" width=\"190\"><\/td>\n<td bgcolor=\"#000000\"><\/td>\n<\/tr>\n<tr>\n<td valign=\"top\" bgcolor=\"#000000\" width=\"190\"><\/td>\n<td bgcolor=\"#000000\"><\/td>\n<\/tr>\n<tr>\n<td valign=\"top\" bgcolor=\"#000000\" width=\"190\"><\/td>\n<td bgcolor=\"#000000\"><\/td>\n<\/tr>\n<tr>\n<td valign=\"top\" bgcolor=\"#000000\" width=\"190\"><\/td>\n<td bgcolor=\"#000000\"><\/td>\n<\/tr>\n<tr>\n<td valign=\"top\" bgcolor=\"#000000\" width=\"190\"><\/td>\n<td bgcolor=\"#000000\"><\/td>\n<\/tr>\n<\/tbody>\n<\/table>\n","protected":false},"excerpt":{"rendered":"<p>Mein Name ist Annika, auch bekannt als XTREM-BABE.\u00a0Ich bin eine exhibitionistische Lady und wie mein Name schon vermuten l\u00e4sst habe ich einen ausgepr\u00e4gten Faible f\u00fcr extremen\u00a0Fetischsex. Es macht mich richtig scharf immer wieder Neues und das \u201cnicht allt\u00e4gliche\u201d auszuprobieren, die vielen BDSM und Fetisch Facetten kennenzulernen und dabei\u00a0meine Grenzen zu testen. Ich liebe es\u00a0mit meinen [&hellip;]<\/p>\n","protected":false},"author":2,"featured_media":0,"parent":0,"menu_order":34,"comment_status":"closed","ping_status":"closed","template":"","meta":{"footnotes":""},"class_list":["post-183","page","type-page","status-publish","hentry"],"aioseo_notices":[],"_links":{"self":[{"href":"https:\/\/www.xtrembabe.com\/xbb\/wp-json\/wp\/v2\/pages\/183","targetHints":{"allow":["GET"]}}],"collection":[{"href":"https:\/\/www.xtrembabe.com\/xbb\/wp-json\/wp\/v2\/pages"}],"about":[{"href":"https:\/\/www.xtrembabe.com\/xbb\/wp-json\/wp\/v2\/types\/page"}],"author":[{"embeddable":true,"href":"https:\/\/www.xtrembabe.com\/xbb\/wp-json\/wp\/v2\/users\/2"}],"replies":[{"embeddable":true,"href":"https:\/\/www.xtrembabe.com\/xbb\/wp-json\/wp\/v2\/comments?post=183"}],"version-history":[{"count":74,"href":"https:\/\/www.xtrembabe.com\/xbb\/wp-json\/wp\/v2\/pages\/183\/revisions"}],"predecessor-version":[{"id":14597,"href":"https:\/\/www.xtrembabe.com\/xbb\/wp-json\/wp\/v2\/pages\/183\/revisions\/14597"}],"wp:attachment":[{"href":"https:\/\/www.xtrembabe.com\/xbb\/wp-json\/wp\/v2\/media?parent=183"}],"curies":[{"name":"wp","href":"https:\/\/api.w.org\/{rel}","templated":true}]}}