{"id":265,"date":"2009-01-01T11:13:53","date_gmt":"2009-01-01T06:13:53","guid":{"rendered":"http:\/\/www.xtrembabe.com\/xbb\/?page_id=265"},"modified":"2019-03-27T07:20:44","modified_gmt":"2019-03-27T07:20:44","slug":"caminfo","status":"publish","type":"page","link":"https:\/\/www.xtrembabe.com\/xbb\/caminfo\/","title":{"rendered":"CAMINFO"},"content":{"rendered":"<p>&nbsp;<\/p>\n<h3>Infos \u00fcber meine Live Cam:<\/h3>\n<p><img loading=\"lazy\" decoding=\"async\" class=\"size-full wp-image-11243 alignright\" src=\"https:\/\/www.xtrembabe.com\/xbb\/wp-content\/uploads\/2018\/04\/aminfo01e.jpg\" alt=\"\" width=\"200\" height=\"157\" \/><\/p>\n<p>M\u00f6chtest du wissen was dich in meiner Livecam erwartet ?? Jeden Tag gibt es unter dem Men\u00fc CamChat ein sexy Pic, orginal aus meiner Livecam, das w\u00e4hrend einer Livesession entstanden ist.<\/p>\n<p>Wenn ich online bin, bin ich immer &#8222;live&#8220; zusehen. Ich gebe euch f\u00fcr meine Liveshow eine 100%ige Geilheitsgarantie. Hier kommt jeder auf seine Kosten. Erz\u00e4hl mir deine W\u00fcnsche.. You&#8217;ll get it !<\/p>\n<p><strong>Meine Outfits:<\/strong> Ich habe eine Vorliebe f\u00fcr sexy Dessous und Nylons, liebe geile Lack und Latexklamotten und stehe total auf High Heels und Stiefel. Mein Schuhschrank besteht aus mehr als\u00a0150 Paar High Heels&#8230;und es werden immer mehr. In meiner Liveshow wirst du mich in st\u00e4ndig wechselnden heissen Outfits sehen.\u00a0Ich ziehe mich auch gerne auf Wunsch f\u00fcr dich um.<\/p>\n<p><strong>Meine Digicam:<\/strong> Mit meiner Digitalkamera ist es m\u00f6glich ganz nah zu zoomen. Sag mir einfach wie weit bzw. wie nah du mich sehen m\u00f6chtest. So wird dir bestimmt kein Detail entgehen. Au\u00dferdem garantiere ich f\u00fcr eine super Bildqualit\u00e4t und eine sehr hohe Frame Rate ( fps ) f\u00fcr eine fl\u00fcssige HD Bild\u00fcbertragung.<\/p>\n<p><strong>Spezialw\u00fcnsche:<\/strong> F\u00fcr W\u00fcnsche die eine gewisse Vorlaufzeit brauchen, bitte ich dich mir zu <a href=\"https:\/\/www.xtrembabe.com\/xbb\/?page_id=520\">mailen<\/a> was du sehen m\u00f6chtest. So habe ich alles vorbereitet wenn du den Chat betrittst. Somit sparen wir kostbare Zeit mit umziehen usw. und k\u00f6nnen direkt losstarten *fg*<\/p>\n<p>&nbsp;<\/p>\n<h3>Meine Heels-Fuss-Nylon\u00a0Cam:<\/h3>\n<p>&nbsp;<\/p>\n<p style=\"text-align: left;\"><img loading=\"lazy\" decoding=\"async\" class=\"size-full wp-image-12419 alignleft\" src=\"https:\/\/www.xtrembabe.com\/xbb\/wp-content\/uploads\/2019\/03\/heelsneu03.gif\" alt=\"\" width=\"270\" height=\"231\" \/>Der ultimative Blick auf meine leckeren F\u00fcsschen ! F\u00fcr alle Fu\u00dffetischisten, Heels\/Stiefelliebhaber und Freunde des zarten Beinkleids wird diese einzigartige Camperspektive ein besonders geiler und erotischer Kick sein.<\/p>\n<p style=\"text-align: left;\">Beobachte mich beim Dangling, bei der Anprobe meiner Heels oder bei versauten Fu\u00dfspielchen.<\/p>\n<p style=\"text-align: left;\">Immer wechselndes Schuhwerk + Nylons.<\/p>\n<p style=\"text-align: left;\">Ich sende immer\u00a0mit Sound\/Ton so kannst du das\u00a0Klackern meiner Abs\u00e4tze auf den Fliesen und das Knistern meiner Nylons h\u00f6ren\u00a0! Und das alles\u00a0in bester High Quality !!!<\/p>\n<p>&nbsp;<\/p>\n<p style=\"text-align: left;\">\u00a0\u00a0\u00a0\u00a0 Orginalpic aus meinem Livecamchat !<\/p>\n<p style=\"text-align: left;\">\n","protected":false},"excerpt":{"rendered":"<p>&nbsp; Infos \u00fcber meine Live Cam: M\u00f6chtest du wissen was dich in meiner Livecam erwartet ?? Jeden Tag gibt es unter dem Men\u00fc CamChat ein sexy Pic, orginal aus meiner Livecam, das w\u00e4hrend einer Livesession entstanden ist. Wenn ich online bin, bin ich immer &#8222;live&#8220; zusehen. Ich gebe euch f\u00fcr meine Liveshow eine 100%ige Geilheitsgarantie. [&hellip;]<\/p>\n","protected":false},"author":2,"featured_media":0,"parent":0,"menu_order":20,"comment_status":"closed","ping_status":"open","template":"","meta":{"footnotes":""},"class_list":["post-265","page","type-page","status-publish","hentry"],"aioseo_notices":[],"_links":{"self":[{"href":"https:\/\/www.xtrembabe.com\/xbb\/wp-json\/wp\/v2\/pages\/265","targetHints":{"allow":["GET"]}}],"collection":[{"href":"https:\/\/www.xtrembabe.com\/xbb\/wp-json\/wp\/v2\/pages"}],"about":[{"href":"https:\/\/www.xtrembabe.com\/xbb\/wp-json\/wp\/v2\/types\/page"}],"author":[{"embeddable":true,"href":"https:\/\/www.xtrembabe.com\/xbb\/wp-json\/wp\/v2\/users\/2"}],"replies":[{"embeddable":true,"href":"https:\/\/www.xtrembabe.com\/xbb\/wp-json\/wp\/v2\/comments?post=265"}],"version-history":[{"count":46,"href":"https:\/\/www.xtrembabe.com\/xbb\/wp-json\/wp\/v2\/pages\/265\/revisions"}],"predecessor-version":[{"id":12422,"href":"https:\/\/www.xtrembabe.com\/xbb\/wp-json\/wp\/v2\/pages\/265\/revisions\/12422"}],"wp:attachment":[{"href":"https:\/\/www.xtrembabe.com\/xbb\/wp-json\/wp\/v2\/media?parent=265"}],"curies":[{"name":"wp","href":"https:\/\/api.w.org\/{rel}","templated":true}]}}