{"id":922,"date":"2010-05-11T22:40:45","date_gmt":"2010-05-11T22:40:45","guid":{"rendered":"http:\/\/www.xtrembabe.com\/xbb\/?page_id=922"},"modified":"2023-05-17T11:56:16","modified_gmt":"2023-05-17T11:56:16","slug":"duftwasche","status":"publish","type":"page","link":"https:\/\/www.xtrembabe.com\/xbb\/duftwasche\/","title":{"rendered":"W\u00c4SCHE"},"content":{"rendered":"<h3><strong>Nylons \u2022 Str\u00fcmpfe\u00a0<strong>\u2022<\/strong> Strumpfhosen \u2022 Slips \u2022 S\u00f6ckchen \u2022 uvm !!!<\/strong><\/h3>\n<p>&nbsp;<\/p>\n<p style=\"text-align: left;\"><strong>Aktuelle Angebote !\u00a0<\/strong><\/p>\n<p>Heute gibt es ein geiles Angebot f\u00fcr meine Nylonliebhaber. Diese superweichen Nahtnylonstr\u00fcmpfe\u00a0 ( softer Hautton mit schwarzer Naht ) k\u00f6nnten DIR geh\u00f6ren. EXKLUSIV von mir f\u00fcr dich getragen ! Bei Interesse <a href=\"https:\/\/www.xtrembabe.com\/xbb\/?page_id=520\">schreib<\/a> mich einfach an !<\/p>\n<p><img loading=\"lazy\" decoding=\"async\" class=\"alignnone wp-image-15047 size-full\" src=\"https:\/\/www.xtrembabe.com\/xbb\/wp-content\/uploads\/2023\/05\/nahtnylons02.jpg\" alt=\"\" width=\"528\" height=\"660\" srcset=\"https:\/\/www.xtrembabe.com\/xbb\/wp-content\/uploads\/2023\/05\/nahtnylons02.jpg 528w, https:\/\/www.xtrembabe.com\/xbb\/wp-content\/uploads\/2023\/05\/nahtnylons02-240x300.jpg 240w\" sizes=\"auto, (max-width: 528px) 100vw, 528px\" \/><\/p>\n<p>Generell kannst du alles von mir bekommen was du in meinem Livestream, auf meinen Bildern oder Videos siehst. Wenn du daran interssierst bist, ein getragenes W\u00e4schest\u00fcck zubekommen, schick mir eine <a href=\"https:\/\/www.xtrembabe.com\/xbb\/?page_id=520\" target=\"_blank\" rel=\"noopener noreferrer\">Nachricht<\/a> und teile mir mit was Dir gefallen w\u00fcrde.<\/p>\n<p>Wenn du dir lieber LIVE ein W\u00e4schest\u00fcck von mir aussuchen m\u00f6chtest, besuch mich direkt in meiner <a href=\"https:\/\/www.visit-x.net\/de\/w\/nylondeluxe\/\" target=\"_blank\" rel=\"noopener noreferrer\">Livecam.<\/a> Ich f\u00fchre dir gern einge meiner s\u00fc\u00dfen H\u00f6schen, BHs und Nylons vor. Ich freue mich auf dein Besuch.<\/p>\n","protected":false},"excerpt":{"rendered":"<p>Nylons \u2022 Str\u00fcmpfe\u00a0\u2022 Strumpfhosen \u2022 Slips \u2022 S\u00f6ckchen \u2022 uvm !!! &nbsp; Aktuelle Angebote !\u00a0 Heute gibt es ein geiles Angebot f\u00fcr meine Nylonliebhaber. Diese superweichen Nahtnylonstr\u00fcmpfe\u00a0 ( softer Hautton mit schwarzer Naht ) k\u00f6nnten DIR geh\u00f6ren. EXKLUSIV von mir f\u00fcr dich getragen ! Bei Interesse schreib mich einfach an ! Generell kannst du alles [&hellip;]<\/p>\n","protected":false},"author":2,"featured_media":0,"parent":0,"menu_order":32,"comment_status":"closed","ping_status":"open","template":"","meta":{"footnotes":""},"class_list":["post-922","page","type-page","status-publish","hentry"],"aioseo_notices":[],"_links":{"self":[{"href":"https:\/\/www.xtrembabe.com\/xbb\/wp-json\/wp\/v2\/pages\/922","targetHints":{"allow":["GET"]}}],"collection":[{"href":"https:\/\/www.xtrembabe.com\/xbb\/wp-json\/wp\/v2\/pages"}],"about":[{"href":"https:\/\/www.xtrembabe.com\/xbb\/wp-json\/wp\/v2\/types\/page"}],"author":[{"embeddable":true,"href":"https:\/\/www.xtrembabe.com\/xbb\/wp-json\/wp\/v2\/users\/2"}],"replies":[{"embeddable":true,"href":"https:\/\/www.xtrembabe.com\/xbb\/wp-json\/wp\/v2\/comments?post=922"}],"version-history":[{"count":159,"href":"https:\/\/www.xtrembabe.com\/xbb\/wp-json\/wp\/v2\/pages\/922\/revisions"}],"predecessor-version":[{"id":15051,"href":"https:\/\/www.xtrembabe.com\/xbb\/wp-json\/wp\/v2\/pages\/922\/revisions\/15051"}],"wp:attachment":[{"href":"https:\/\/www.xtrembabe.com\/xbb\/wp-json\/wp\/v2\/media?parent=922"}],"curies":[{"name":"wp","href":"https:\/\/api.w.org\/{rel}","templated":true}]}}